{"id":8265,"date":"2016-01-03T15:26:27","date_gmt":"2016-01-03T15:26:27","guid":{"rendered":"https:\/\/www.joliehistoire.com\/be\/?page_id=8265"},"modified":"2021-01-09T21:47:18","modified_gmt":"2021-01-09T21:47:18","slug":"contact","status":"publish","type":"page","link":"https:\/\/www.joliehistoire.com\/be\/contact\/","title":{"rendered":"contacter votre photographe"},"content":{"rendered":"<p>[vc_row][vc_column]<h1 class=\"grve-element grve-align-center grve-title-no-line grve-h1 small-title\" style=\"\"><span>Parlez-moi de votre mariage !<\/span><\/h1>[\/vc_column][\/vc_row][vc_row][vc_column][vc_column_text]Mon style et mon offre correspondent \u00e0 ce que vous recherchiez ?<\/p>\n<p>Alors il est temps de me le dire !<\/p>\n<p>Afin de r\u00e9pondre au mieux \u00e0 votre demande, il est utile d&rsquo;indiquer la date, le lieu, ainsi que toute autre information que vous jugerez utile concernant votre\u00a0mariage.[\/vc_column_text][\/vc_column][\/vc_row][vc_row][vc_column][vc_column_text]<\/p>\n<p>[\/vc_column_text][\/vc_column][\/vc_row][vc_row][vc_column]<div role=\"form\" class=\"wpcf7\" id=\"wpcf7-f2760-o1\" lang=\"en-US\" dir=\"ltr\">\n<div class=\"screen-reader-response\"><p role=\"status\" aria-live=\"polite\" aria-atomic=\"true\"><\/p> <ul><\/ul><\/div>\n<form action=\"\/be\/wp-json\/wp\/v2\/pages\/8265\/#wpcf7-f2760-o1\" method=\"post\" class=\"wpcf7-form init\" novalidate=\"novalidate\" data-status=\"init\">\n<div style=\"display: none;\">\n<input type=\"hidden\" name=\"_wpcf7\" value=\"2760\" \/>\n<input type=\"hidden\" name=\"_wpcf7_version\" value=\"5.6.4\" \/>\n<input type=\"hidden\" name=\"_wpcf7_locale\" value=\"en_US\" \/>\n<input type=\"hidden\" name=\"_wpcf7_unit_tag\" value=\"wpcf7-f2760-o1\" \/>\n<input type=\"hidden\" name=\"_wpcf7_container_post\" value=\"0\" \/>\n<input type=\"hidden\" name=\"_wpcf7_posted_data_hash\" value=\"\" \/>\n<input type=\"hidden\" name=\"_wpcf7cf_hidden_group_fields\" value=\"[]\" \/>\n<input type=\"hidden\" name=\"_wpcf7cf_hidden_groups\" value=\"[]\" \/>\n<input type=\"hidden\" name=\"_wpcf7cf_visible_groups\" value=\"[]\" \/>\n<input type=\"hidden\" name=\"_wpcf7cf_repeaters\" value=\"[]\" \/>\n<input type=\"hidden\" name=\"_wpcf7cf_steps\" value=\"{}\" \/>\n<input type=\"hidden\" name=\"_wpcf7cf_options\" value=\"{&quot;form_id&quot;:2760,&quot;conditions&quot;:[{&quot;then_field&quot;:&quot;mariage-selected&quot;,&quot;and_rules&quot;:[{&quot;if_field&quot;:&quot;menu-512&quot;,&quot;operator&quot;:&quot;equals&quot;,&quot;if_value&quot;:&quot;Pour des souvenirs de notre mariage&quot;}]}],&quot;settings&quot;:{&quot;animation&quot;:&quot;yes&quot;,&quot;animation_intime&quot;:200,&quot;animation_outtime&quot;:200,&quot;conditions_ui&quot;:&quot;normal&quot;,&quot;notice_dismissed&quot;:false}}\" \/>\n<\/div>\n<p>Pr\u00e9nom & Nom *<br \/>\n    <span class=\"wpcf7-form-control-wrap\" data-name=\"your-name\"><input type=\"text\" name=\"your-name\" value=\"\" size=\"40\" class=\"wpcf7-form-control wpcf7-text wpcf7-validates-as-required\" aria-required=\"true\" aria-invalid=\"false\" \/><\/span> <\/p>\n<p>Email * <br \/>\n    <span class=\"wpcf7-form-control-wrap\" data-name=\"your-email\"><input type=\"email\" name=\"your-email\" value=\"\" size=\"40\" class=\"wpcf7-form-control wpcf7-text wpcf7-email wpcf7-validates-as-required wpcf7-validates-as-email\" aria-required=\"true\" aria-invalid=\"false\" \/><\/span> <\/p>\n<p>T\u00e9l\u00e9phone * <br \/>\n    <span class=\"wpcf7-form-control-wrap\" data-name=\"your-tel\"><input type=\"tel\" name=\"your-tel\" value=\"\" size=\"40\" class=\"wpcf7-form-control wpcf7-text wpcf7-tel wpcf7-validates-as-required wpcf7-validates-as-tel\" aria-required=\"true\" aria-invalid=\"false\" \/><\/span> <\/p>\n<p>Sujet *<br \/>\n    <span class=\"wpcf7-form-control-wrap\" data-name=\"your-subject\"><input type=\"text\" name=\"your-subject\" value=\"\" size=\"40\" class=\"wpcf7-form-control wpcf7-text wpcf7-validates-as-required\" aria-required=\"true\" aria-invalid=\"false\" \/><\/span> <\/p>\n<p>Pour quelle occasion m'\u00e9crivez-vous ? *<br\/><br \/>\n<span class=\"wpcf7-form-control-wrap\" data-name=\"menu-512\"><select name=\"menu-512\" class=\"wpcf7-form-control wpcf7-select wpcf7-validates-as-required\" aria-required=\"true\" aria-invalid=\"false\"><option value=\"\">---<\/option><option value=\"Pour des souvenirs de notre mariage\">Pour des souvenirs de notre mariage<\/option><option value=\"Pour ces moments en famille\">Pour ces moments en famille<\/option><option value=\"Pour ces moments en amoureux\">Pour ces moments en amoureux<\/option><option value=\"Le plaisir d&#039;\u00e9crire...\">Le plaisir d&#039;\u00e9crire...<\/option><\/select><\/span><\/p>\n<div data-id=\"mariage-selected\" data-orig_data_id=\"mariage-selected\"  data-class=\"wpcf7cf_group\">\n<br\/><\/p>\n<p>Quelle type de c\u00e9r\u00e9momie pr\u00e9voyez-vous le jour J ? <br\/><br \/>\n<span class=\"wpcf7-form-control-wrap\" data-name=\"menu-ceremonie\"><span class=\"wpcf7-form-control wpcf7-checkbox\"><span class=\"wpcf7-list-item first\"><input type=\"checkbox\" name=\"menu-ceremonie[]\" value=\"c\u00e9r\u00e9monie civile\" \/><span class=\"wpcf7-list-item-label\">c\u00e9r\u00e9monie civile<\/span><\/span><span class=\"wpcf7-list-item\"><input type=\"checkbox\" name=\"menu-ceremonie[]\" value=\"c\u00e9r\u00e9monie religieuse\" \/><span class=\"wpcf7-list-item-label\">c\u00e9r\u00e9monie religieuse<\/span><\/span><span class=\"wpcf7-list-item last\"><input type=\"checkbox\" name=\"menu-ceremonie[]\" value=\"c\u00e9r\u00e9monie symbolique\" \/><span class=\"wpcf7-list-item-label\">c\u00e9r\u00e9monie symbolique<\/span><\/span><\/span><\/span><\/p>\n<p><br\/>\n<\/div>\n<p>Quelle importance la photo a-t-elle pour vous ? *<br \/>\n    <span class=\"wpcf7-form-control-wrap\" data-name=\"your-importance\"><textarea name=\"your-importance\" cols=\"40\" rows=\"10\" class=\"wpcf7-form-control wpcf7-textarea wpcf7-validates-as-required\" aria-required=\"true\" aria-invalid=\"false\"><\/textarea><\/span> <\/p>\n<p>Parlez-moi de votre projet *<br \/>\n    <span class=\"wpcf7-form-control-wrap\" data-name=\"your-projet\"><textarea name=\"your-projet\" cols=\"40\" rows=\"10\" class=\"wpcf7-form-control wpcf7-textarea wpcf7-validates-as-required\" aria-required=\"true\" aria-invalid=\"false\"><\/textarea><\/span> <\/p>\n<p><input type=\"submit\" value=\"Envoyer\" class=\"wpcf7-form-control has-spinner wpcf7-submit\" \/><\/p>\n<noscript>\n\t\t\t<div class=\"wpcf7-response-output wpcf7-spam-blocked\">Your browser does not support JavaScript!. Please enable javascript in your browser in order to get form work properly.<\/div>\n\t<\/noscript><script type='text\/javascript'>\n\n\t\t\t\t\t\tif(contactform === undefined){\n\t\t\t\t\t\t\tvar contactform = [];\n\t\t\t\t\t\t}\n\t\t\t\t\t\tvar innerVal = [2760,'mail_sent_ok','Votre message a &eacute;t&eacute; envoy&eacute; correctement. Je vous r&eacute;pondrai dans les 48H.'];\n\t\t\t\t\t\tcontactform.push(innerVal);\n\t\t\t\t\t\tvar innerVal = [2760,'mail_sent_ng','L\\'envoi de votre message a &eacute;chou&eacute;. Si le probl&egrave;me persiste vous pouvez me contacter par t&eacute;l&eacute;phone au +352 691542795'];\n\t\t\t\t\t\tcontactform.push(innerVal);\n\t\t\t\t\t\tvar innerVal = [2760,'validation_error','Veuillez remplir tous les champs obligatoires.'];\n\t\t\t\t\t\tcontactform.push(innerVal);\n\t\t\t\t\t\tvar innerVal = [2760,'spam','L\\'envoi de votre message a &eacute;chou&eacute;. Si le probl&egrave;me persiste vous pouvez me contacter par t&eacute;l&eacute;phone au +352 691542795'];\n\t\t\t\t\t\tcontactform.push(innerVal);\n\t\t\t\t\t\tvar innerVal = [2760,'accept_terms','Veuillez d\\'abord accepter les termes d\\'utilisation.'];\n\t\t\t\t\t\tcontactform.push(innerVal);\n\t\t\t\t\t\tvar innerVal = [2760,'invalid_required','Ce champs est requis.'];\n\t\t\t\t\t\tcontactform.push(innerVal);\n\t\t\t\t\t\tvar innerVal = [2760,'invalid_too_long','This input is too long.'];\n\t\t\t\t\t\tcontactform.push(innerVal);\n\t\t\t\t\t\tvar innerVal = [2760,'invalid_too_short','This input is too short.'];\n\t\t\t\t\t\tcontactform.push(innerVal);\n\t\t\t\t\t\tvar innerVal = [2760,'upload_failed','Failed to upload file.'];\n\t\t\t\t\t\tcontactform.push(innerVal);\n\t\t\t\t\t\tvar innerVal = [2760,'upload_file_type_invalid','This file type is not allowed.'];\n\t\t\t\t\t\tcontactform.push(innerVal);\n\t\t\t\t\t\tvar innerVal = [2760,'upload_file_too_large','This file is too large.'];\n\t\t\t\t\t\tcontactform.push(innerVal);\n\t\t\t\t\t\tvar innerVal = [2760,'upload_failed_php_error','Failed to upload file. Error occurred.'];\n\t\t\t\t\t\tcontactform.push(innerVal);\n\t\t\t\t\t\tvar innerVal = [2760,'invalid_date','Date format seems invalid.'];\n\t\t\t\t\t\tcontactform.push(innerVal);\n\t\t\t\t\t\tvar innerVal = [2760,'date_too_early','This date is too early.'];\n\t\t\t\t\t\tcontactform.push(innerVal);\n\t\t\t\t\t\tvar innerVal = [2760,'date_too_late','This date is too late.'];\n\t\t\t\t\t\tcontactform.push(innerVal);\n\t\t\t\t\t\tvar innerVal = [2760,'invalid_number','Number format seems invalid.'];\n\t\t\t\t\t\tcontactform.push(innerVal);\n\t\t\t\t\t\tvar innerVal = [2760,'number_too_small','Ce num&eacute;ro est trop court.'];\n\t\t\t\t\t\tcontactform.push(innerVal);\n\t\t\t\t\t\tvar innerVal = [2760,'number_too_large','Ce num&eacute;ro est trop long'];\n\t\t\t\t\t\tcontactform.push(innerVal);\n\t\t\t\t\t\tvar innerVal = [2760,'quiz_answer_not_correct','Your answer is not correct.'];\n\t\t\t\t\t\tcontactform.push(innerVal);\n\t\t\t\t\t\tvar innerVal = [2760,'invalid_email','L\\'adresse email est invalide.'];\n\t\t\t\t\t\tcontactform.push(innerVal);\n\t\t\t\t\t\tvar innerVal = [2760,'invalid_url','L\\'URL est invalide.'];\n\t\t\t\t\t\tcontactform.push(innerVal);\n\t\t\t\t\t\tvar innerVal = [2760,'invalid_tel','Telephone number seems invalid.'];\n\t\t\t\t\t\tcontactform.push(innerVal);\n\t\t\t\t\t\tvar innerVal = [2760,'gdpr',''];\n\t\t\t\t\t\tcontactform.push(innerVal);\n\t\t\t\t\t\t<\/script><div class=\"wpcf7-response-output\" aria-hidden=\"true\"><\/div><\/form><\/div>[\/vc_column][\/vc_row][vc_row][vc_column][vc_column_text]<\/p>\n<p>&nbsp;<\/p>\n<p>[\/vc_column_text][\/vc_column][\/vc_row]<\/p>\n","protected":false},"excerpt":{"rendered":"<p>[vc_row][vc_column][\/vc_column][\/vc_row][vc_row][vc_column][vc_column_text]Mon style et mon offre correspondent \u00e0 ce que vous recherchiez ? Alors il est temps de me le dire ! Afin de r\u00e9pondre au mieux \u00e0 votre demande, il est utile d&rsquo;indiquer la date, le lieu, ainsi que toute autre information que vous jugerez utile concernant votre\u00a0mariage.[\/vc_column_text][\/vc_column][\/vc_row][vc_row][vc_column][vc_column_text] [\/vc_column_text][\/vc_column][\/vc_row][vc_row][vc_column][\/vc_column][\/vc_row][vc_row][vc_column][vc_column_text] &nbsp; [\/vc_column_text][\/vc_column][\/vc_row]<\/p>\n","protected":false},"author":1,"featured_media":0,"parent":0,"menu_order":15,"comment_status":"open","ping_status":"closed","template":"","meta":[],"yoast_head":"<!-- This site is optimized with the Yoast SEO plugin v19.9 - https:\/\/yoast.com\/wordpress\/plugins\/seo\/ -->\n<title>Prendre contact avec votre photographe mariage<\/title>\n<meta name=\"description\" content=\"Prendre contact avec votre photographe de mariage en Belgique. Par email ou t\u00e9l\u00e9phone ou bien en remplissant le formulaire de contact.\" \/>\n<meta name=\"robots\" content=\"index, follow, max-snippet:-1, max-image-preview:large, max-video-preview:-1\" \/>\n<link rel=\"canonical\" href=\"https:\/\/www.joliehistoire.com\/be\/contact\/\" \/>\n<meta name=\"twitter:card\" content=\"summary_large_image\" \/>\n<meta name=\"twitter:title\" content=\"Prendre contact avec votre photographe mariage\" \/>\n<meta name=\"twitter:description\" content=\"Prendre contact avec votre photographe de mariage en Belgique. Par email ou t\u00e9l\u00e9phone ou bien en remplissant le formulaire de contact.\" \/>\n<meta name=\"twitter:label1\" content=\"Dur\u00e9e de lecture est.\" \/>\n\t<meta name=\"twitter:data1\" content=\"1 minute\" \/>\n<script type=\"application\/ld+json\" class=\"yoast-schema-graph\">{\"@context\":\"https:\/\/schema.org\",\"@graph\":[{\"@type\":\"WebPage\",\"@id\":\"https:\/\/www.joliehistoire.com\/be\/contact\/\",\"url\":\"https:\/\/www.joliehistoire.com\/be\/contact\/\",\"name\":\"Prendre contact avec votre photographe mariage\",\"isPartOf\":{\"@id\":\"https:\/\/www.joliehistoire.com\/#website\"},\"datePublished\":\"2016-01-03T15:26:27+00:00\",\"dateModified\":\"2021-01-09T21:47:18+00:00\",\"description\":\"Prendre contact avec votre photographe de mariage en Belgique. Par email ou t\u00e9l\u00e9phone ou bien en remplissant le formulaire de contact.\",\"breadcrumb\":{\"@id\":\"https:\/\/www.joliehistoire.com\/be\/contact\/#breadcrumb\"},\"inLanguage\":\"fr-BE\",\"potentialAction\":[{\"@type\":\"ReadAction\",\"target\":[\"https:\/\/www.joliehistoire.com\/be\/contact\/\"]}]},{\"@type\":\"BreadcrumbList\",\"@id\":\"https:\/\/www.joliehistoire.com\/be\/contact\/#breadcrumb\",\"itemListElement\":[{\"@type\":\"ListItem\",\"position\":1,\"name\":\"Home\",\"item\":\"https:\/\/www.joliehistoire.com\/be\/\"},{\"@type\":\"ListItem\",\"position\":2,\"name\":\"contacter votre photographe\"}]},{\"@type\":\"WebSite\",\"@id\":\"https:\/\/www.joliehistoire.com\/#website\",\"url\":\"https:\/\/www.joliehistoire.com\/\",\"name\":\"joliehistoire\",\"description\":\"wedding photographer\",\"potentialAction\":[{\"@type\":\"SearchAction\",\"target\":{\"@type\":\"EntryPoint\",\"urlTemplate\":\"https:\/\/www.joliehistoire.com\/?s={search_term_string}\"},\"query-input\":\"required name=search_term_string\"}],\"inLanguage\":\"fr-BE\"}]}<\/script>\n<!-- \/ Yoast SEO plugin. -->","yoast_head_json":{"title":"Prendre contact avec votre photographe mariage","description":"Prendre contact avec votre photographe de mariage en Belgique. Par email ou t\u00e9l\u00e9phone ou bien en remplissant le formulaire de contact.","robots":{"index":"index","follow":"follow","max-snippet":"max-snippet:-1","max-image-preview":"max-image-preview:large","max-video-preview":"max-video-preview:-1"},"canonical":"https:\/\/www.joliehistoire.com\/be\/contact\/","twitter_card":"summary_large_image","twitter_title":"Prendre contact avec votre photographe mariage","twitter_description":"Prendre contact avec votre photographe de mariage en Belgique. Par email ou t\u00e9l\u00e9phone ou bien en remplissant le formulaire de contact.","twitter_misc":{"Dur\u00e9e de lecture est.":"1 minute"},"schema":{"@context":"https:\/\/schema.org","@graph":[{"@type":"WebPage","@id":"https:\/\/www.joliehistoire.com\/be\/contact\/","url":"https:\/\/www.joliehistoire.com\/be\/contact\/","name":"Prendre contact avec votre photographe mariage","isPartOf":{"@id":"https:\/\/www.joliehistoire.com\/#website"},"datePublished":"2016-01-03T15:26:27+00:00","dateModified":"2021-01-09T21:47:18+00:00","description":"Prendre contact avec votre photographe de mariage en Belgique. Par email ou t\u00e9l\u00e9phone ou bien en remplissant le formulaire de contact.","breadcrumb":{"@id":"https:\/\/www.joliehistoire.com\/be\/contact\/#breadcrumb"},"inLanguage":"fr-BE","potentialAction":[{"@type":"ReadAction","target":["https:\/\/www.joliehistoire.com\/be\/contact\/"]}]},{"@type":"BreadcrumbList","@id":"https:\/\/www.joliehistoire.com\/be\/contact\/#breadcrumb","itemListElement":[{"@type":"ListItem","position":1,"name":"Home","item":"https:\/\/www.joliehistoire.com\/be\/"},{"@type":"ListItem","position":2,"name":"contacter votre photographe"}]},{"@type":"WebSite","@id":"https:\/\/www.joliehistoire.com\/#website","url":"https:\/\/www.joliehistoire.com\/","name":"joliehistoire","description":"wedding photographer","potentialAction":[{"@type":"SearchAction","target":{"@type":"EntryPoint","urlTemplate":"https:\/\/www.joliehistoire.com\/?s={search_term_string}"},"query-input":"required name=search_term_string"}],"inLanguage":"fr-BE"}]}},"_links":{"self":[{"href":"https:\/\/www.joliehistoire.com\/be\/wp-json\/wp\/v2\/pages\/8265\/"}],"collection":[{"href":"https:\/\/www.joliehistoire.com\/be\/wp-json\/wp\/v2\/pages\/"}],"about":[{"href":"https:\/\/www.joliehistoire.com\/be\/wp-json\/wp\/v2\/types\/page\/"}],"author":[{"embeddable":true,"href":"https:\/\/www.joliehistoire.com\/be\/wp-json\/wp\/v2\/users\/1\/"}],"replies":[{"embeddable":true,"href":"https:\/\/www.joliehistoire.com\/be\/wp-json\/wp\/v2\/comments\/?post=8265"}],"version-history":[{"count":12,"href":"https:\/\/www.joliehistoire.com\/be\/wp-json\/wp\/v2\/pages\/8265\/revisions\/"}],"predecessor-version":[{"id":22504,"href":"https:\/\/www.joliehistoire.com\/be\/wp-json\/wp\/v2\/pages\/8265\/revisions\/22504\/"}],"wp:attachment":[{"href":"https:\/\/www.joliehistoire.com\/be\/wp-json\/wp\/v2\/media\/?parent=8265"}],"curies":[{"name":"wp","href":"https:\/\/api.w.org\/{rel}","templated":true}]}}